{"id":162,"date":"2024-07-03T12:44:07","date_gmt":"2024-07-03T12:44:07","guid":{"rendered":"https:\/\/bechtel-grebe.ltr-online.de\/?page_id=162"},"modified":"2024-07-09T12:34:18","modified_gmt":"2024-07-09T12:34:18","slug":"behandlungen-in-narkose","status":"publish","type":"page","link":"https:\/\/kieferchirurgie-trier.de\/?page_id=162","title":{"rendered":"Behandlungen in Narkose"},"content":{"rendered":"\t\t<div data-elementor-type=\"wp-page\" data-elementor-id=\"162\" class=\"elementor elementor-162\">\n\t\t\t\t<div class=\"elementor-element elementor-element-2a72fec e-flex e-con-boxed e-con e-parent\" data-id=\"2a72fec\" data-element_type=\"container\">\n\t\t\t\t\t<div class=\"e-con-inner\">\n\t\t\t\t<div class=\"elementor-element elementor-element-50dbc64 elementor-widget elementor-widget-image\" data-id=\"50dbc64\" data-element_type=\"widget\" data-widget_type=\"image.default\">\n\t\t\t\t<div class=\"elementor-widget-container\">\n\t\t\t\t\t\t\t\t\t\t\t\t\t\t\t<img fetchpriority=\"high\" decoding=\"async\" width=\"766\" height=\"262\" src=\"https:\/\/kieferchirurgie-trier.de\/wp-content\/uploads\/2024\/07\/head-start-1-2.jpg\" class=\"attachment-large size-large wp-image-120\" alt=\"\" srcset=\"https:\/\/kieferchirurgie-trier.de\/wp-content\/uploads\/2024\/07\/head-start-1-2.jpg 766w, https:\/\/kieferchirurgie-trier.de\/wp-content\/uploads\/2024\/07\/head-start-1-2-300x103.jpg 300w\" sizes=\"(max-width: 766px) 100vw, 766px\" \/>\t\t\t\t\t\t\t\t\t\t\t\t\t\t\t<\/div>\n\t\t\t\t<\/div>\n\t\t\t\t\t<\/div>\n\t\t\t\t<\/div>\n\t\t<div class=\"elementor-element elementor-element-f3a51b7 e-con-full e-flex e-con e-parent\" data-id=\"f3a51b7\" data-element_type=\"container\">\n\t\t<div class=\"elementor-element elementor-element-3e10199 e-con-full e-flex e-con e-child\" data-id=\"3e10199\" data-element_type=\"container\">\n\t\t\t\t<div class=\"elementor-element elementor-element-3f2686a elementor-widget elementor-widget-heading\" data-id=\"3f2686a\" data-element_type=\"widget\" data-widget_type=\"heading.default\">\n\t\t\t\t<div class=\"elementor-widget-container\">\n\t\t\t\t\t<h4 class=\"elementor-heading-title elementor-size-default\">Behandlungen in Vollnarkose oder D\u00e4mmerschlaf \u2013 schmerz und angstfrei zu gesunden Z\u00e4hnen<\/h4>\t\t\t\t<\/div>\n\t\t\t\t<\/div>\n\t\t\t\t<div class=\"elementor-element elementor-element-ea7c2f6 elementor-widget elementor-widget-text-editor\" data-id=\"ea7c2f6\" data-element_type=\"widget\" data-widget_type=\"text-editor.default\">\n\t\t\t\t<div class=\"elementor-widget-container\">\n\t\t\t\t\t\t\t\t\t<p style=\"margin: 0px; padding: 0px 0px 10px; font-family: Arial, Helvetica, sans-serif; font-size: 12px; line-height: 18px; color: #4c4c4c;\">Gemeinsam mit Ihnen finden wir einen Weg zur schmerz- und angstfreien Behandlung. Wir gehen auf jeden Patienten sowie seine individuellen Bed\u00fcrfnissen ein. Eine rasche und vor allem m\u00f6glichst schmerzfreie Behandlung in einer entspannten, angenehmen Atmosph\u00e4re steht dabei im Mittelpunkt unserer Bem\u00fchungen.<\/p><p style=\"margin: 0px; padding: 0px 0px 10px; font-family: Arial, Helvetica, sans-serif; font-size: 12px; line-height: 18px; color: #4c4c4c;\">Dazu bieten wir die Behandlung in Vollnarkose oder D\u00e4mmerschlaf an:<\/p>\t\t\t\t\t\t\t\t<\/div>\n\t\t\t\t<\/div>\n\t\t\t\t<\/div>\n\t\t\t\t<\/div>\n\t\t<div class=\"elementor-element elementor-element-6456df7 e-flex e-con-boxed e-con e-parent\" data-id=\"6456df7\" data-element_type=\"container\">\n\t\t\t\t\t<div class=\"e-con-inner\">\n\t\t\t\t<div class=\"elementor-element elementor-element-0f42ddc elementor-widget elementor-widget-text-editor\" data-id=\"0f42ddc\" data-element_type=\"widget\" data-widget_type=\"text-editor.default\">\n\t\t\t\t<div class=\"elementor-widget-container\">\n\t\t\t\t\t\t\t\t\t<p>Neben der normalen \u00f6rtlichen Bet\u00e4ubung (Lokalan\u00e4sthesie) k\u00f6nnen alle Eingriffe<\/p><p><strong>1. in Vollnarkose (bis zum 12. Lebensjahr ohne Eigenkosten)\u00a0 \u00a0 \u00a0 \u00a0 \u00a0 \u00a0 \u00a0 \u00a0 \u00a0 \u00a0 \u00a0 \u00a0 \u00a0 \u00a0 \u00a0 \u00a0 \u00a0 \u00a0 \u00a0 \u00a0 \u00a0 \u00a0 \u00a0 <\/strong>Sie kommen n\u00fcchtern zu uns. Nach Erwachen aus der Vollnarkose bzw. dem Eingriff bleiben Sie einige Zeit zur \u00dcberwachung in der Praxis<\/p><p>oder<\/p><p><strong> 2. im D\u00e4mmerschlaf durchgef\u00fchrt werden.<\/strong>\u00a0 \u00a0 \u00a0 \u00a0 \u00a0 \u00a0 \u00a0 \u00a0 \u00a0 \u00a0 \u00a0 \u00a0 \u00a0 \u00a0 \u00a0 \u00a0 \u00a0 \u00a0 \u00a0 \u00a0 \u00a0 \u00a0 \u00a0 \u00a0 \u00a0 \u00a0 \u00a0 \u00a0 \u00a0 \u00a0 \u00a0 \u00a0 \u00a0 \u00a0 \u00a0 \u00a0 \u00a0 \u00a0 \u00a0 Die D\u00e4mmerschlafbehandlung f\u00fcr zahn\u00e4rztliche Eingriffe stellt eine sehr kosteng\u00fcnstige Variante dar, da die Vollnarkosen ab dem 12. Lebensjahr von den gesetzlichen Krankenkassen nicht mehr \u00fcbernommen werden. Das Bewusstsein wird hierbei f\u00fcr die Zeit der Behandlung ausgeschaltet. Die Schmerzausschaltung \u00fcber eine zus\u00e4tzliche \u00f6rtliche Bet\u00e4ubung erfolgt w\u00e4hrend des Schlafens.<\/p>\t\t\t\t\t\t\t\t<\/div>\n\t\t\t\t<\/div>\n\t\t\t\t<div class=\"elementor-element elementor-element-56b28cf elementor-widget elementor-widget-text-editor\" data-id=\"56b28cf\" data-element_type=\"widget\" data-widget_type=\"text-editor.default\">\n\t\t\t\t<div class=\"elementor-widget-container\">\n\t\t\t\t\t\t\t\t\t<p>Alle Operationen werden unter den strengsten Hygiene-Bedingungen durchgef\u00fchrt. Das Hygienekonzept unserer Praxis entspricht den Richtlinien des Robert-Koch-Institutes (RKI). Nach Reinigung der Instrumente im Thermodesinfektor erfolgt eine chargenspezifische Sterilisation mit speziellen Indikatoren wodurch ein H\u00f6chstma\u00df an Sterilit\u00e4tssicherheit besteht. F\u00fcr jeden Patienten wird ein individuell auf den Eingriff abgestimmtes steriles Instrumentenset verwendet.<\/p><p>\u00a0<\/p><p><strong>Zusammenarbeit mit dem Mutterhaus der Borrom\u00e4erinnen, Trier\u00a0 \u00a0<\/strong> \u00a0 \u00a0 \u00a0 \u00a0 \u00a0 \u00a0 \u00a0 \u00a0 \u00a0 \u00a0 \u00a0 \u00a0 \u00a0 \u00a0 \u00a0 \u00a0 \u00a0 \u00a0 \u00a0 \u00a0 \u00a0 \u00a0 F\u00fcr die bestm\u00f6gliche Behandlung unserer Patienten besteht seit Jahren eine enge Kooperation der Krankenanstalten Mutterhaus der Borrm\u00e4erinnen, Feldstra\u00dfe 16, Trier, akademisches Lehrkrankenhaus der Johannes Gutenberg Universit\u00e4t, Mainz. Durch die fach\u00fcbergreifende Zusammenarbeit zwischen HNO \u2013 Innere- Onkologie \u2013 und Radioonkologie ist ein H\u00f6chstma\u00df an interdisziplin\u00e4rer Versorgung gew\u00e4hrleistet und damit eine ganzheitliche Betreuung gesichert.<\/p>\t\t\t\t\t\t\t\t<\/div>\n\t\t\t\t<\/div>\n\t\t\t\t<div class=\"elementor-element elementor-element-d31aaae elementor-widget elementor-widget-heading\" data-id=\"d31aaae\" data-element_type=\"widget\" data-widget_type=\"heading.default\">\n\t\t\t\t<div class=\"elementor-widget-container\">\n\t\t\t\t\t<h6 class=\"elementor-heading-title elementor-size-default\"><h2 style=\"margin: 20px 0px 5px;padding: 0px;font-family: Arial, Helvetica, sans-serif;font-size: 12px;line-height: 20px\">Ihr Team der MKG-chirurgischen Praxis<br style=\"margin: 0px;padding: 0px\">Dr. med. Dr. med. dent. Gitta Bechtel-Grebe in Trier<\/h2><\/h6>\t\t\t\t<\/div>\n\t\t\t\t<\/div>\n\t\t\t\t<div class=\"elementor-element elementor-element-f1300be elementor-widget elementor-widget-spacer\" data-id=\"f1300be\" data-element_type=\"widget\" data-widget_type=\"spacer.default\">\n\t\t\t\t<div class=\"elementor-widget-container\">\n\t\t\t\t\t\t\t<div class=\"elementor-spacer\">\n\t\t\t<div class=\"elementor-spacer-inner\"><\/div>\n\t\t<\/div>\n\t\t\t\t\t\t<\/div>\n\t\t\t\t<\/div>\n\t\t\t\t\t<\/div>\n\t\t\t\t<\/div>\n\t\t\t\t<\/div>\n\t\t","protected":false},"excerpt":{"rendered":"<p>Behandlungen in Vollnarkose oder D\u00e4mmerschlaf \u2013 schmerz und angstfrei zu gesunden Z\u00e4hnen Gemeinsam mit Ihnen finden wir einen Weg zur schmerz- und angstfreien Behandlung. Wir gehen auf jeden Patienten sowie seine individuellen Bed\u00fcrfnissen ein. Eine rasche und vor allem m\u00f6glichst schmerzfreie Behandlung in einer entspannten, angenehmen Atmosph\u00e4re steht dabei im Mittelpunkt unserer Bem\u00fchungen. Dazu bieten [&hellip;]<\/p>\n","protected":false},"author":1,"featured_media":0,"parent":147,"menu_order":0,"comment_status":"closed","ping_status":"closed","template":"","meta":{"footnotes":""},"class_list":["post-162","page","type-page","status-publish","hentry"],"_links":{"self":[{"href":"https:\/\/kieferchirurgie-trier.de\/index.php?rest_route=\/wp\/v2\/pages\/162","targetHints":{"allow":["GET"]}}],"collection":[{"href":"https:\/\/kieferchirurgie-trier.de\/index.php?rest_route=\/wp\/v2\/pages"}],"about":[{"href":"https:\/\/kieferchirurgie-trier.de\/index.php?rest_route=\/wp\/v2\/types\/page"}],"author":[{"embeddable":true,"href":"https:\/\/kieferchirurgie-trier.de\/index.php?rest_route=\/wp\/v2\/users\/1"}],"replies":[{"embeddable":true,"href":"https:\/\/kieferchirurgie-trier.de\/index.php?rest_route=%2Fwp%2Fv2%2Fcomments&post=162"}],"version-history":[{"count":22,"href":"https:\/\/kieferchirurgie-trier.de\/index.php?rest_route=\/wp\/v2\/pages\/162\/revisions"}],"predecessor-version":[{"id":274,"href":"https:\/\/kieferchirurgie-trier.de\/index.php?rest_route=\/wp\/v2\/pages\/162\/revisions\/274"}],"up":[{"embeddable":true,"href":"https:\/\/kieferchirurgie-trier.de\/index.php?rest_route=\/wp\/v2\/pages\/147"}],"wp:attachment":[{"href":"https:\/\/kieferchirurgie-trier.de\/index.php?rest_route=%2Fwp%2Fv2%2Fmedia&parent=162"}],"curies":[{"name":"wp","href":"https:\/\/api.w.org\/{rel}","templated":true}]}}