{"id":148,"date":"2024-07-03T12:35:58","date_gmt":"2024-07-03T12:35:58","guid":{"rendered":"https:\/\/bechtel-grebe.ltr-online.de\/?page_id=148"},"modified":"2024-07-09T12:37:20","modified_gmt":"2024-07-09T12:37:20","slug":"arzt-profil-2","status":"publish","type":"page","link":"https:\/\/kieferchirurgie-trier.de\/?page_id=148","title":{"rendered":"Arzt-Profil"},"content":{"rendered":"\t\t<div data-elementor-type=\"wp-page\" data-elementor-id=\"148\" class=\"elementor elementor-148\">\n\t\t\t\t<div class=\"elementor-element elementor-element-2a72fec e-flex e-con-boxed e-con e-parent\" data-id=\"2a72fec\" data-element_type=\"container\">\n\t\t\t\t\t<div class=\"e-con-inner\">\n\t\t\t\t<div class=\"elementor-element elementor-element-50dbc64 elementor-widget elementor-widget-image\" data-id=\"50dbc64\" data-element_type=\"widget\" data-widget_type=\"image.default\">\n\t\t\t\t<div class=\"elementor-widget-container\">\n\t\t\t\t\t\t\t\t\t\t\t\t\t\t\t<img fetchpriority=\"high\" decoding=\"async\" width=\"766\" height=\"262\" src=\"https:\/\/kieferchirurgie-trier.de\/wp-content\/uploads\/2024\/07\/head-start-1-2.jpg\" class=\"attachment-large size-large wp-image-120\" alt=\"\" srcset=\"https:\/\/kieferchirurgie-trier.de\/wp-content\/uploads\/2024\/07\/head-start-1-2.jpg 766w, https:\/\/kieferchirurgie-trier.de\/wp-content\/uploads\/2024\/07\/head-start-1-2-300x103.jpg 300w\" sizes=\"(max-width: 766px) 100vw, 766px\" \/>\t\t\t\t\t\t\t\t\t\t\t\t\t\t\t<\/div>\n\t\t\t\t<\/div>\n\t\t\t\t\t<\/div>\n\t\t\t\t<\/div>\n\t\t<div class=\"elementor-element elementor-element-f3a51b7 e-con-full e-flex e-con e-parent\" data-id=\"f3a51b7\" data-element_type=\"container\">\n\t\t<div class=\"elementor-element elementor-element-3e10199 e-con-full e-flex e-con e-child\" data-id=\"3e10199\" data-element_type=\"container\">\n\t\t\t\t<div class=\"elementor-element elementor-element-3f2686a elementor-widget elementor-widget-heading\" data-id=\"3f2686a\" data-element_type=\"widget\" data-widget_type=\"heading.default\">\n\t\t\t\t<div class=\"elementor-widget-container\">\n\t\t\t\t\t<h4 class=\"elementor-heading-title elementor-size-default\">Profil: Dr. med. Dr. med. dent. Gitta Bechtel-Grebe<\/h4>\t\t\t\t<\/div>\n\t\t\t\t<\/div>\n\t\t\t\t<div class=\"elementor-element elementor-element-ea7c2f6 elementor-widget elementor-widget-text-editor\" data-id=\"ea7c2f6\" data-element_type=\"widget\" data-widget_type=\"text-editor.default\">\n\t\t\t\t<div class=\"elementor-widget-container\">\n\t\t\t\t\t\t\t\t\t<ul><li>Mitglied des Bundesverbandes der deutschen Gesellschaft f\u00fcr Mund-Kiefer- und Gesichtschirurgie<\/li><li>Mitglied der \u00c4rztekammer Trier<\/li><li>Mitglied der Zahn\u00e4rztekammer Mainz<\/li><li>Mitglied der Vertrags\u00e4rztlichen Vereinigung Trier e. V.<\/li><li>Mitglied der MEDI Trier \u00c4rztlicher Praxisverband<\/li><\/ul><p>\u00a0<\/p><p>Medizinstudium in Mainz mit Promotion zum Dr. med.<\/p><p>Zahnmedizinstudium Mainz und Frankfurt mit Promotion zum Dr. med. dent.<\/p><p>Ausbildung zur Fach\u00e4rztin und Fachzahn\u00e4rztin bei Prof. Dr. Dr. R. Schmidseder, Frankfurt<\/p><p>und Prof. Dr. Dr. V. Freitag, (Unsiversit\u00e4tsklinik Homburg\/Saar f\u00fcr Mund-, Kiefer-, Gesichtschirurgie)<\/p><p>Praxisgr\u00fcndung in Trier 1988<\/p>\t\t\t\t\t\t\t\t<\/div>\n\t\t\t\t<\/div>\n\t\t\t\t<\/div>\n\t\t<div class=\"elementor-element elementor-element-38589de e-con-full e-flex e-con e-child\" data-id=\"38589de\" data-element_type=\"container\">\n\t\t\t\t<div class=\"elementor-element elementor-element-b6e045a elementor-widget elementor-widget-image\" data-id=\"b6e045a\" data-element_type=\"widget\" data-widget_type=\"image.default\">\n\t\t\t\t<div class=\"elementor-widget-container\">\n\t\t\t\t\t\t\t\t\t\t\t\t\t\t\t<img decoding=\"async\" width=\"250\" height=\"346\" src=\"https:\/\/kieferchirurgie-trier.de\/wp-content\/uploads\/2024\/06\/bechtelgrebe.jpg\" class=\"attachment-full size-full wp-image-66\" alt=\"\" srcset=\"https:\/\/kieferchirurgie-trier.de\/wp-content\/uploads\/2024\/06\/bechtelgrebe.jpg 250w, https:\/\/kieferchirurgie-trier.de\/wp-content\/uploads\/2024\/06\/bechtelgrebe-217x300.jpg 217w\" sizes=\"(max-width: 250px) 100vw, 250px\" \/>\t\t\t\t\t\t\t\t\t\t\t\t\t\t\t<\/div>\n\t\t\t\t<\/div>\n\t\t\t\t<\/div>\n\t\t\t\t<\/div>\n\t\t\t\t<\/div>\n\t\t","protected":false},"excerpt":{"rendered":"<p>Profil: Dr. med. Dr. med. dent. Gitta Bechtel-Grebe Mitglied des Bundesverbandes der deutschen Gesellschaft f\u00fcr Mund-Kiefer- und Gesichtschirurgie Mitglied der \u00c4rztekammer Trier Mitglied der Zahn\u00e4rztekammer Mainz Mitglied der Vertrags\u00e4rztlichen Vereinigung Trier e. V. Mitglied der MEDI Trier \u00c4rztlicher Praxisverband \u00a0 Medizinstudium in Mainz mit Promotion zum Dr. med. Zahnmedizinstudium Mainz und Frankfurt mit Promotion zum [&hellip;]<\/p>\n","protected":false},"author":1,"featured_media":0,"parent":147,"menu_order":0,"comment_status":"closed","ping_status":"closed","template":"","meta":{"footnotes":""},"class_list":["post-148","page","type-page","status-publish","hentry"],"_links":{"self":[{"href":"https:\/\/kieferchirurgie-trier.de\/index.php?rest_route=\/wp\/v2\/pages\/148","targetHints":{"allow":["GET"]}}],"collection":[{"href":"https:\/\/kieferchirurgie-trier.de\/index.php?rest_route=\/wp\/v2\/pages"}],"about":[{"href":"https:\/\/kieferchirurgie-trier.de\/index.php?rest_route=\/wp\/v2\/types\/page"}],"author":[{"embeddable":true,"href":"https:\/\/kieferchirurgie-trier.de\/index.php?rest_route=\/wp\/v2\/users\/1"}],"replies":[{"embeddable":true,"href":"https:\/\/kieferchirurgie-trier.de\/index.php?rest_route=%2Fwp%2Fv2%2Fcomments&post=148"}],"version-history":[{"count":13,"href":"https:\/\/kieferchirurgie-trier.de\/index.php?rest_route=\/wp\/v2\/pages\/148\/revisions"}],"predecessor-version":[{"id":277,"href":"https:\/\/kieferchirurgie-trier.de\/index.php?rest_route=\/wp\/v2\/pages\/148\/revisions\/277"}],"up":[{"embeddable":true,"href":"https:\/\/kieferchirurgie-trier.de\/index.php?rest_route=\/wp\/v2\/pages\/147"}],"wp:attachment":[{"href":"https:\/\/kieferchirurgie-trier.de\/index.php?rest_route=%2Fwp%2Fv2%2Fmedia&parent=148"}],"curies":[{"name":"wp","href":"https:\/\/api.w.org\/{rel}","templated":true}]}}